{"id":3511,"date":"2022-10-31T17:11:05","date_gmt":"2022-10-31T16:11:05","guid":{"rendered":"https:\/\/rouault.org\/bibliography\/"},"modified":"2022-10-31T17:11:07","modified_gmt":"2022-10-31T16:11:07","slug":"bibliography","status":"publish","type":"page","link":"https:\/\/rouault.org\/en\/bibliography\/","title":{"rendered":"Bibliography"},"content":{"rendered":"<div class=\"gb-grid-wrapper gb-grid-wrapper-b2dc53cf\">\n<div class=\"gb-grid-column gb-grid-column-ba6c3a37\"><div class=\"gb-container gb-container-ba6c3a37\"><div class=\"gb-inside-container\">\n\n<h2 class=\"gb-headline gb-headline-0cd1ddd4 gb-headline-text\">Illustrated books by Georges Rouault<\/h2>\n\n\n\n<h3 class=\"gb-headline gb-headline-cbadb26c gb-headline-text\"><em>Les Fleurs du mal<\/em><\/h3>\n\n\n\n<p>Charles Baudelaire, illustrated by Georges Rouault, Paris, \u00c9ditions du Cerf, 2008<br\/>ISBN 978-2-204-07829-0<\/p>\n\n\n\n<h3 class=\"gb-headline gb-headline-584e16e2 gb-headline-text\"><em>Cirque de l\u2019\u00c9toile filante<\/em><\/h3>\n\n\n\n<p>Georges Rouault, Paris, \u00c9ditions du Cerf, 2005<br\/>ISBN 2204073989<\/p>\n\n\n\n<h3 class=\"gb-headline gb-headline-316fbd52 gb-headline-text\"><em>Passion<\/em><\/h3>\n\n\n\n<p>Georges Rouault \u2013 Andr\u00e9 Suar\u00e8s, Paris, \u00c9ditions du Cerf, 2005<br\/>ISBN 2204073970<\/p>\n\n\n\n<h3 class=\"gb-headline gb-headline-59f03d77 gb-headline-text\"><em>Miserere<\/em><\/h3>\n\n\n\n<p>Georges Rouault, Paris, \u00c9ditions du Cerf, 2004<br\/>ISBN 2204073601<\/p>\n\n<\/div><\/div><\/div>\n\n<div class=\"gb-grid-column gb-grid-column-17ca402d\"><div class=\"gb-container gb-container-17ca402d\"><div class=\"gb-inside-container\">\n\n<figure class=\"wp-block-image size-large the_rim\"><img loading=\"lazy\" decoding=\"async\" width=\"259\" height=\"348\" src=\"https:\/\/rouault.org\/wp-content\/uploads\/2021\/05\/fleur-du-mal.jpeg\" alt=\"Les Fleurs du Mal cover\" class=\"wp-image-1625\"\/><\/figure>\n\n\n\n<div style=\"height:16px\" aria-hidden=\"true\" class=\"wp-block-spacer\"><\/div>\n\n\n\n<figure class=\"wp-block-image size-large the_rim\"><img loading=\"lazy\" decoding=\"async\" width=\"259\" height=\"350\" src=\"https:\/\/rouault.org\/wp-content\/uploads\/2021\/05\/cirque.jpeg\" alt=\"Cirque de l'&#xE9;toile filante cover\" class=\"wp-image-1627\"\/><\/figure>\n\n\n\n<div style=\"height:16px\" aria-hidden=\"true\" class=\"wp-block-spacer\"><\/div>\n\n<\/div><\/div><\/div>\n\n<div class=\"gb-grid-column gb-grid-column-71bdee2c\"><div class=\"gb-container gb-container-71bdee2c\"><div class=\"gb-inside-container\"><\/div><\/div><\/div>\n<\/div>\n<hr class=\"wp-block-separator is-style-wide\"\/>\n<div class=\"gb-grid-wrapper gb-grid-wrapper-a3d683e2\">\n<div class=\"gb-grid-column gb-grid-column-274a5ce6\"><div class=\"gb-container gb-container-274a5ce6\"><div class=\"gb-inside-container\">\n\n<h2 class=\"gb-headline gb-headline-c25582ce gb-headline-text\">The artist\u2019s writings<\/h2>\n\n\n\n<h3 class=\"gb-headline gb-headline-2d97154e gb-headline-text\"><em>Correspondance<\/em><\/h3>\n\n\n\n<p>Georges Rouault \u2013 Andr\u00e9 Suares, Paris, Gallimard, 1991<br\/>ISBN 20-702-5571-9<\/p>\n\n\n\n<h3 class=\"gb-headline gb-headline-aba4f5db gb-headline-text\"><em>Sur l\u2019art et sur la vi<\/em>e<\/h3>\n\n\n\n<p>Georges Rouault, Paris, Deno\u00ebl\/Gonthier, 1971 and a number of re-editions<br\/>Editor number\u00a03-303<\/p>\n\n<\/div><\/div><\/div>\n\n<div class=\"gb-grid-column gb-grid-column-8035e24c\"><div class=\"gb-container gb-container-8035e24c\"><div class=\"gb-inside-container\"><\/div><\/div><\/div>\n\n<div class=\"gb-grid-column gb-grid-column-f3e2c119\"><div class=\"gb-container gb-container-f3e2c119\"><div class=\"gb-inside-container\"><\/div><\/div><\/div>\n<\/div>\n<hr class=\"wp-block-separator is-style-wide\"\/>\n<div class=\"gb-grid-wrapper gb-grid-wrapper-526aadb2\">\n<div class=\"gb-grid-column gb-grid-column-3be3d36b\"><div class=\"gb-container gb-container-3be3d36b\"><div class=\"gb-inside-container\">\n\n<h2 class=\"gb-headline gb-headline-01d03fa2 gb-headline-text\">Books and studies<\/h2>\n\n\n\n<h3 class=\"gb-headline gb-headline-e44ddbbf gb-headline-text\"><em>Rouault<\/em><\/h3>\n\n\n\n<p>Angela Lampe, Paris, \u00c9ditions du Centre Pompidou, 2021<br\/>ISBN 978-2-84426-896-9<\/p>\n\n\n\n<h3 class=\"gb-headline gb-headline-54be130d gb-headline-text\"><em>Pascal et Rouault<\/em><\/h3>\n\n\n\n<p>Bernard Grasset, Nice, Les \u00e9ditions Ovadia, 2016<br\/>ISBN 978-2-36392-195-6<\/p>\n\n\n\n<h3 class=\"gb-headline gb-headline-1d2f16cb gb-headline-text\"><em>Jazz Age Catholicism<\/em><\/h3>\n\n\n\n<p>Stephen Schloesser, University of Toronto Press, 2005<br\/>ISBN 0-8020-8718-3<\/p>\n\n\n\n<h3 class=\"gb-headline gb-headline-e92c5f2b gb-headline-text\"><em>Rouault in Perspective<\/em><\/h3>\n\n\n\n<p>Soo Yun Kang, Rowman &amp; Littlefield Pub Group, 1999<br\/>ISBN 15-730-9403-X<br\/>American Edition<\/p>\n\n\n\n<h3 class=\"gb-headline gb-headline-8d06ec7f gb-headline-text\"><em>Georges Rouault mon p\u00e8re<\/em><\/h3>\n\n\n\n<p>Genevi\u00e8ve Nouaille-Rouault, Paris, Le L\u00e9opard d\u2019Or, 1998<br\/>ISBN 28-637-7156-6<\/p>\n\n\n\n<h3 class=\"gb-headline gb-headline-ed40451b gb-headline-text\"><em>Le Livre des Livres de Rouault<\/em><\/h3>\n\n\n\n<p>Fran\u00e7ois Chapon, Trinkvel, 1992<br\/>ISBN 28-513-2016-5<\/p>\n\n\n\n<h3 class=\"gb-headline gb-headline-e438fe05 gb-headline-text\"><em>Rouault<\/em><\/h3>\n\n\n\n<p>Fabrice Hergott, Paris, Albin Michel, 1991<br\/>ISBN 2-226-05438-3<\/p>\n\n<\/div><\/div><\/div>\n\n<div class=\"gb-grid-column gb-grid-column-68245ad1\"><div class=\"gb-container gb-container-68245ad1\"><div class=\"gb-inside-container\">\n\n<figure class=\"wp-block-image size-large\"><img loading=\"lazy\" decoding=\"async\" width=\"400\" height=\"400\" src=\"https:\/\/rouault.org\/wp-content\/uploads\/2021\/05\/couverture-Rouault_400.jpg\" alt=\"Cover of the monograph on Georges Rouault by Angela Lampe\" class=\"wp-image-1633\" srcset=\"https:\/\/rouault.org\/wp-content\/uploads\/2021\/05\/couverture-Rouault_400.jpg 400w, https:\/\/rouault.org\/wp-content\/uploads\/2021\/05\/couverture-Rouault_400-357x357.jpg 357w\" sizes=\"(max-width: 400px) 100vw, 400px\" \/><\/figure>\n\n<\/div><\/div><\/div>\n\n<div class=\"gb-grid-column gb-grid-column-7bf53a15\"><div class=\"gb-container gb-container-7bf53a15\"><div class=\"gb-inside-container\"><\/div><\/div><\/div>\n<\/div>\n<hr class=\"wp-block-separator\"\/>\n<div class=\"gb-grid-wrapper gb-grid-wrapper-304bc72d\">\n<div class=\"gb-grid-column gb-grid-column-779f2256\"><div class=\"gb-container gb-container-779f2256\"><div class=\"gb-inside-container\">\n\n<h2 class=\"wp-block-heading\">Catalogues raisonn\u00e9s\u00a0<\/h2>\n\n\n\n<h3 class=\"wp-block-heading\"><em>Rouault. L\u2019\u0153uvre peint<\/em> (2 vol.)<\/h3>\n\n\n\n<p>Bernard Dorival and Isabelle Rouault<br\/>\u00c9ditions Andr\u00e9 Sauret, 1988<br\/>ISBN 10\u00a0: 1556600313<br\/>ISBN 13\u00a0: 9781556600319<\/p>\n\n\n\n<h3 class=\"wp-block-heading\"><em>Rouault. \u0152uvre grav\u00e9<\/em> (2 vol.)<\/h3>\n\n\n\n<p>Fran\u00e7ois Chapon and Isabelle Rouault<br\/>\u00c9ditions Andr\u00e9 Sauret, 1978<\/p>\n\n<\/div><\/div><\/div>\n\n<div class=\"gb-grid-column gb-grid-column-29e21bae\"><div class=\"gb-container gb-container-29e21bae\"><div class=\"gb-inside-container\"><\/div><\/div><\/div>\n\n<div class=\"gb-grid-column gb-grid-column-f0d334af\"><div class=\"gb-container gb-container-f0d334af\"><div class=\"gb-inside-container\"><\/div><\/div><\/div>\n<\/div>\n<hr class=\"wp-block-separator is-style-wide\"\/>\n<div class=\"gb-grid-wrapper gb-grid-wrapper-6c64e564\">\n<div class=\"gb-grid-column gb-grid-column-16fae9c2\"><div class=\"gb-container gb-container-16fae9c2\"><div class=\"gb-inside-container\">\n\n<h2 class=\"gb-headline gb-headline-f9f5de56 gb-headline-text\">Exhibition catalogues<\/h2>\n\n\n\n<h3 class=\"gb-headline gb-headline-181d1bc4 gb-headline-text\"><em>Gustave Moreau \u2013 Georges Rouault. Souvenirs d\u2019atelier<\/em><\/h3>\n\n\n\n<p>[exposition au mus\u00e9e Gustave Moreau, 27 janvier-27 avril 2016]<br\/>Paris, Somogy\u00a0\u00e9ditions d\u2019art\/Mus\u00e9e national Gustave Moreau, 2016<br\/>ISBN 978-2-7572-0988-2<\/p>\n\n\n\n<h3 class=\"gb-headline gb-headline-619607be gb-headline-text\"><em>Georges Rouault. Forme, couleur, harmonie<\/em><\/h3>\n\n\n\n<p>[exposition r\u00e9trospective, Strasbourg 2006]<br\/>\u00c9d. des Mus\u00e9es de Strasbourg, 2006<br\/>ISBN 2-35125-040-0<\/p>\n\n\n\n<h3 class=\"gb-headline gb-headline-017c419e gb-headline-text\"><em>This Anguished World of Shadows:<br>Georges Rouault\u2019s Miserere et Guerre<\/em><\/h3>\n\n\n\n<p>[exposition MOBIA, New York 2006]<br\/>ISBN 0-9777839-0-1<\/p>\n\n\n\n<h3 class=\"gb-headline gb-headline-70f0b54c gb-headline-text\"><em>Rouault<\/em><\/h3>\n\n\n\n<p>[exposition r\u00e9trospective, Barcelone 2004]<br\/>Ed. Fundaci\u00f3 Caixa Catalunya, 2004<br\/>ISBN 84-89860-61-0<\/p>\n\n\n\n<h3 class=\"gb-headline gb-headline-9b0e8344 gb-headline-text\"><em>Georges Rouault et le cirque<\/em><\/h3>\n\n\n\n<p>[exposition Chamb\u00e9ry, 2004]<br\/>\u00c9ditions Comp\u2019Act, 2004<br\/>ISBN 2-87661-342-5<\/p>\n\n<\/div><\/div><\/div>\n\n<div class=\"gb-grid-column gb-grid-column-83d93ac9\"><div class=\"gb-container gb-container-83d93ac9\"><div class=\"gb-inside-container\">\n\n<figure class=\"wp-block-image size-large is-resized\"><img loading=\"lazy\" decoding=\"async\" src=\"https:\/\/rouault.org\/wp-content\/uploads\/2021\/05\/Moreau-Rouault_couv_400.jpg\" alt=\"Catalogue for the Gustave Moreau Exhibition&#x2013; Georges Rouault, souvenirs d&#x2019;atelier\" class=\"wp-image-1643\" width=\"270\" height=\"311\" srcset=\"https:\/\/rouault.org\/wp-content\/uploads\/2021\/05\/Moreau-Rouault_couv_400.jpg 400w, https:\/\/rouault.org\/wp-content\/uploads\/2021\/05\/Moreau-Rouault_couv_400-357x412.jpg 357w\" sizes=\"(max-width: 270px) 100vw, 270px\" \/><\/figure>\n\n\n\n<div style=\"height:38px\" aria-hidden=\"true\" class=\"wp-block-spacer\"><\/div>\n\n\n\n<figure class=\"wp-block-image size-thumbnail is-resized\"><img decoding=\"async\" src=\"https:\/\/rouault.org\/wp-content\/uploads\/2021\/06\/Catalogues-expositions-2006-2007-Strasbourg-357x480.jpg\" alt=\"Exhibition catalogues 2006-2007 Strasbourg\" class=\"wp-image-3110\" width=\"270\" srcset=\"https:\/\/rouault.org\/wp-content\/uploads\/2021\/06\/Catalogues-expositions-2006-2007-Strasbourg-357x480.jpg 357w, https:\/\/rouault.org\/wp-content\/uploads\/2021\/06\/Catalogues-expositions-2006-2007-Strasbourg.jpg 708w\" sizes=\"(max-width: 357px) 100vw, 357px\" \/><\/figure>\n\n<\/div><\/div><\/div>\n\n<div class=\"gb-grid-column gb-grid-column-a38bafea\"><div class=\"gb-container gb-container-a38bafea\"><div class=\"gb-inside-container\"><\/div><\/div><\/div>\n<\/div>","protected":false},"excerpt":{"rendered":"","protected":false},"author":2,"featured_media":2890,"parent":0,"menu_order":0,"comment_status":"closed","ping_status":"closed","template":"","meta":{"inline_featured_image":false,"footnotes":""},"_links":{"self":[{"href":"https:\/\/rouault.org\/en\/wp-json\/wp\/v2\/pages\/3511"}],"collection":[{"href":"https:\/\/rouault.org\/en\/wp-json\/wp\/v2\/pages"}],"about":[{"href":"https:\/\/rouault.org\/en\/wp-json\/wp\/v2\/types\/page"}],"author":[{"embeddable":true,"href":"https:\/\/rouault.org\/en\/wp-json\/wp\/v2\/users\/2"}],"replies":[{"embeddable":true,"href":"https:\/\/rouault.org\/en\/wp-json\/wp\/v2\/comments?post=3511"}],"version-history":[{"count":1,"href":"https:\/\/rouault.org\/en\/wp-json\/wp\/v2\/pages\/3511\/revisions"}],"predecessor-version":[{"id":3513,"href":"https:\/\/rouault.org\/en\/wp-json\/wp\/v2\/pages\/3511\/revisions\/3513"}],"wp:featuredmedia":[{"embeddable":true,"href":"https:\/\/rouault.org\/en\/wp-json\/wp\/v2\/media\/2890"}],"wp:attachment":[{"href":"https:\/\/rouault.org\/en\/wp-json\/wp\/v2\/media?parent=3511"}],"curies":[{"name":"wp","href":"https:\/\/api.w.org\/{rel}","templated":true}]}}