{"id":3501,"date":"2022-10-31T17:11:00","date_gmt":"2022-10-31T16:11:00","guid":{"rendered":"https:\/\/rouault.org\/solitary-artist-1914-1930\/"},"modified":"2022-11-03T16:17:24","modified_gmt":"2022-11-03T15:17:24","slug":"solitary-artist-1914-1930","status":"publish","type":"page","link":"https:\/\/rouault.org\/en\/biography\/solitary-artist-1914-1930\/","title":{"rendered":"Solitary artist\u00a0\u00a0|\u00a0\u00a01914-1930"},"content":{"rendered":"<div class=\"gb-grid-wrapper gb-grid-wrapper-8658d27b\">\n<div class=\"gb-grid-column gb-grid-column-1cdc6b57\"><div class=\"gb-container gb-container-1cdc6b57\"><div class=\"gb-inside-container\">\n\n<p class=\"gb-headline gb-headline-821c4848 gb-headline-text\">Outbreak of the First World War. After the outbreak of war the family moved several times. The artist\u2019s wife, Marthe, helped to support the family by giving&nbsp;piano lessons.<\/p>\n\n\n\n<blockquote class=\"wp-block-quote is-layout-flow wp-block-quote-is-layout-flow\"><p>Rest in peace dear soldier of the trenches<br>You no longer have to know where your fianc\u00e9e is going<br>Or if your poor old mother smiles in the face of adversity<br>Hope to meet again&#8230;<\/p><cite>Georges Rouault, plate 46 of <em>Miserere<\/em>,<br>\u201c&nbsp;The just man, like sandalwood, perfumes the blade that cuts him down&nbsp;\u201d<\/cite><\/blockquote>\n\n\n\n<p><\/p>\n\n<\/div><\/div><\/div>\n\n<div class=\"gb-grid-column gb-grid-column-8d435afd\"><div class=\"gb-container gb-container-8d435afd\"><div class=\"gb-inside-container\">\n\n<figure class=\"wp-block-image size-full\"><img loading=\"lazy\" decoding=\"async\" width=\"708\" height=\"944\" src=\"https:\/\/rouault.org\/wp-content\/uploads\/2021\/05\/rouault-1915-et-sa-famille-1.jpg\" alt=\"Rouault and his family in 1915\" class=\"wp-image-1328\" srcset=\"https:\/\/rouault.org\/wp-content\/uploads\/2021\/05\/rouault-1915-et-sa-famille-1.jpg 708w, https:\/\/rouault.org\/wp-content\/uploads\/2021\/05\/rouault-1915-et-sa-famille-1-357x476.jpg 357w\" sizes=\"(max-width: 708px) 100vw, 708px\" \/><figcaption>Rouault and his family in 1915<\/figcaption><\/figure>\n\n<\/div><\/div><\/div>\n<\/div>\n\n<div class=\"gb-grid-wrapper gb-grid-wrapper-4e5cb799\">\n<div class=\"gb-grid-column gb-grid-column-092762be\"><div class=\"gb-container gb-container-092762be\"><div class=\"gb-inside-container\">\n\n<figure class=\"wp-block-image size-large\"><img loading=\"lazy\" decoding=\"async\" width=\"708\" height=\"1087\" src=\"https:\/\/rouault.org\/wp-content\/uploads\/2021\/05\/vollard-en-toreador.jpg\" alt=\"Vollard as a toreador\" class=\"wp-image-2071\" srcset=\"https:\/\/rouault.org\/wp-content\/uploads\/2021\/05\/vollard-en-toreador.jpg 708w, https:\/\/rouault.org\/wp-content\/uploads\/2021\/05\/vollard-en-toreador-357x548.jpg 357w\" sizes=\"(max-width: 708px) 100vw, 708px\" \/><figcaption>Vollard as a toreador<\/figcaption><\/figure>\n\n<\/div><\/div><\/div>\n\n<div class=\"gb-grid-column gb-grid-column-1cff4b59\"><div class=\"gb-container gb-container-1cff4b59\"><div class=\"gb-inside-container\">\n\n<h2 class=\"gb-headline gb-headline-c1b00530 gb-headline-text\">Ambroise Vollard, Georges Rouault\u2019s art dealer<\/h2>\n\n\n\n<p>Ambroise Vollard, who had already shown an interest in Rouault\u2019s ceramics, offered to buy the full contents of his studio. The painter agreed on the condition that he could finish his work at his own pace and Vollard became his primary art dealer. Negotiations had begun in 1913, but it was not until 1917 that Vollard paid the sum of 49,150 francs for a total of 770 works.<\/p>\n\n\n\n<p>Born in 1866 on the island of R\u00e9union, Ambroise Vollard arrived in Paris to study law but quickly abandoned his studies to become an art dealer. This exceptional talent scout discovered some of the greatest artists in modern art, bringing them recognition and his own financial success. He became best known for discovering Paul C\u00e9zanne, Paul Gauguin, Vincent Van Gogh, Henri Matisse and Pablo Picasso. Vollard forged friendships with the greatest painters of the late 19<sup>th<\/sup>&nbsp;and early 20<sup>th<\/sup>&nbsp;century.<\/p>\n\n\n\n<p>He also had a passion for literature. Vollard was an art dealer, gallery owner, art publisher and writer. He was fascinated by Alfred Jarry\u2019s <em>P\u00e8re Ubu<\/em> and asked Jean&nbsp;Puy, Bonnard and Rouault to illustrate his texts on Ubu. With a passion for art publishing, he asked his painter friends to create original lithographs and he became a pioneer in the art of printmaking.<\/p>\n\n\n\n<p>Vollard opened his first gallery on Rue Laffitte, situated in the heart of the Paris art market near the Drouet auction house. When war broke out, he moved his works to the region of Saumur for safekeeping and only reopened in 1919. He asked Rouault to look after his collection for several months in 1918. Evicted during Hausmann\u2019s renovation works, he opened his gallery at 28&nbsp;Rue de Martignac in the 7<sup>th<\/sup>&nbsp;arrondissement in Paris. Within this private mansion, Ambroise Vollard made a studio available to Rouault in 1925.<\/p>\n\n<\/div><\/div><\/div>\n<\/div>\n\n<div class=\"gb-grid-wrapper gb-grid-wrapper-a1c5303c\">\n<div class=\"gb-grid-column gb-grid-column-b4d4f204\"><div class=\"gb-container gb-container-b4d4f204\"><div class=\"gb-inside-container\">\n\n<h2 class=\"gb-headline gb-headline-db80efb3 gb-headline-text\">Printmaking and painting<\/h2>\n\n\n\n<p>In 1916, Rouault agreed to illustrate <em>Les R\u00e9incarnations du p\u00e8re Ubu<\/em> (Reincarnations of Father Ubu) with a text by Ambroise Vollard, in exchange for his support in publishing his Miserere.<\/p>\n\n\n\n<p>He had free rein for the commission and worked on the Ubu plates over several years. The book was not published until 1932. Vollard also entrusted him with the illustrations for <em>Fleurs du Mal <\/em>by Baudelaire. Rouault devoted himself to his <em>Miserere<\/em> between 1917 and 1926. Due to Rouault\u2019s perfectionism and eternal dissatisfaction, each book was the fruit of a long process of experimentation and the object of incessant revisions. Preoccupied&nbsp;by his printmaking, he somewhat neglected his painting.<\/p>\n\n\n\n<p>To honour his moral contract with Vollard, working in the studio in Vollard\u2019s mansion, Rouault made an effort to resume painting. This work was dominated by religious subjects and he explored landscapes and circus figures. He also painted nudes and portraits, whilst prostitutes and judges gradually disappeared from his work. The painter tried a new technique and began predominately using oil paints, which gave him a new palette of colours.<\/p>\n\n\n\n<p>Rouault painted his self portrait <em>L\u2019Apprenti ouvrier<\/em>(Apprentice Worker), one of his major works, at&nbsp;the age of 54.<\/p>\n\n<\/div><\/div><\/div>\n\n<div class=\"gb-grid-column gb-grid-column-1b253e1d\"><div class=\"gb-container gb-container-1b253e1d\"><div class=\"gb-inside-container\">\n\n<figure class=\"wp-block-image size-medium\"><img loading=\"lazy\" decoding=\"async\" width=\"708\" height=\"927\" src=\"https:\/\/rouault.org\/wp-content\/uploads\/2021\/06\/OG311-Souvenirs-intimes-1926-Autoportrait-I-708x927.jpg\" alt=\"Souvenirs intimes: Self-Portrait 1, 1926\" class=\"wp-image-2317\" srcset=\"https:\/\/rouault.org\/wp-content\/uploads\/2021\/06\/OG311-Souvenirs-intimes-1926-Autoportrait-I-708x927.jpg 708w, https:\/\/rouault.org\/wp-content\/uploads\/2021\/06\/OG311-Souvenirs-intimes-1926-Autoportrait-I-357x467.jpg 357w, https:\/\/rouault.org\/wp-content\/uploads\/2021\/06\/OG311-Souvenirs-intimes-1926-Autoportrait-I-768x1005.jpg 768w, https:\/\/rouault.org\/wp-content\/uploads\/2021\/06\/OG311-Souvenirs-intimes-1926-Autoportrait-I.jpg 894w\" sizes=\"(max-width: 708px) 100vw, 708px\" \/><figcaption><em>Souvenir Intimes<\/em>: <em>Self-portrait 1<\/em>, 1926<\/figcaption><\/figure>\n\n<\/div><\/div><\/div>\n<\/div>\n\n<div class=\"gb-grid-wrapper gb-grid-wrapper-17fb6bff\">\n<div class=\"gb-grid-column gb-grid-column-94c30311\"><div class=\"gb-container gb-container-94c30311\"><div class=\"gb-inside-container\">\n\n<figure class=\"wp-block-image size-full\"><img loading=\"lazy\" decoding=\"async\" width=\"708\" height=\"940\" src=\"https:\/\/rouault.org\/wp-content\/uploads\/2021\/05\/souvenirs-intimes-couverture.jpg\" alt=\"Cover of Souvenirs Intimes, 1926\" class=\"wp-image-1334\" srcset=\"https:\/\/rouault.org\/wp-content\/uploads\/2021\/05\/souvenirs-intimes-couverture.jpg 708w, https:\/\/rouault.org\/wp-content\/uploads\/2021\/05\/souvenirs-intimes-couverture-357x474.jpg 357w\" sizes=\"(max-width: 708px) 100vw, 708px\" \/><figcaption><em>Souvenirs Intimes<\/em>, 1926<\/figcaption><\/figure>\n\n<\/div><\/div><\/div>\n\n<div class=\"gb-grid-column gb-grid-column-4eb0f2b8\"><div class=\"gb-container gb-container-4eb0f2b8\"><div class=\"gb-inside-container\">\n\n<h2 class=\"gb-headline gb-headline-5fc58869 gb-headline-text\">Rouault gains recognition<\/h2>\n\n\n\n<p>On 17 October 1919, <em>L\u2019Enfant J\u00e9sus parmi les docteurs<\/em> (Infant Jesus among the Doctors) was acquired by the Unterlinden Museum in Colmar. It was Rouault\u2019s first canvas to be bought by the State. After the war, Rouault continued to show his work and gained recognition despite receiving continued violent criticism.<\/p>\n\n\n\n<p>The first monograph dedicated to the artist by Michel Puy was published in 1921 by the NRF (Nouvelle Revue Fran\u00e7aise). Rouault was named Officer of the Legion of Honour in 1925.<\/p>\n\n\n\n<p>In 1929, Rouault designed the sets and costumes for <em>The Prodigal Son<\/em> directed by Serge Diaghilev for The Ballets Russes ballet company.<\/p>\n\n\n\n<p><\/p>\n\n<\/div><\/div><\/div>\n<\/div>\n\n<div class=\"gb-grid-wrapper gb-grid-wrapper-1f4c7a51\">\n<div class=\"gb-grid-column gb-grid-column-674034be\"><div class=\"gb-container gb-container-674034be\"><div class=\"gb-inside-container\"><\/div><\/div><\/div>\n\n<div class=\"gb-grid-column gb-grid-column-b3cb36ce\"><div class=\"gb-container gb-container-b3cb36ce\"><div class=\"gb-inside-container\"><\/div><\/div><\/div>\n<\/div>\n\n<div class=\"gb-grid-wrapper gb-grid-wrapper-bbda6a20\">\n<div class=\"gb-grid-column gb-grid-column-d8c93fe5\"><div class=\"gb-container gb-container-d8c93fe5\"><div class=\"gb-inside-container\">\n\n<h2 class=\"gb-headline gb-headline-0f7b2542 gb-headline-text\">Rouault and writing<\/h2>\n\n\n\n<p>Rouault published <em>Souvenirs Intimes<\/em> in 1926 in which he shared portraits of his teachers and friends Gustave Moreau, L\u00e9on Bloy, Joris-Karl Huysmans, Charles Baudelaire, Honor\u00e9 Daumier, Paul C\u00e9zanne, Auguste Renoir and Edgar Degas.<\/p>\n\n\n\n<p>The artist loved to write, eagerly responded to questions from critics and debated in the specialised press. He maintained extensive correspondence with Andr\u00e9 Suar\u00e8s. Rouault was also fond of poetry. Editions Porteret published <em>Paysages l\u00e9gendaires<\/em> (Mythical Landscapes) in 1929, with poems by Rouault illustrated with lithographs and drawings.<\/p>\n\n\n\n<div class=\"wp-block-buttons is-layout-flex wp-block-buttons-is-layout-flex\">\n<div class=\"wp-block-button\"><a class=\"wp-block-button__link\" href=\"https:\/\/rouault.org\/en\/biography\/mature-period-1930-1948\/\">Next<\/a><\/div>\n<\/div>\n\n\n\n<div class=\"wp-block-buttons is-layout-flex wp-block-buttons-is-layout-flex\">\n<div class=\"wp-block-button\"><a class=\"wp-block-button__link\" href=\"https:\/\/rouault.org\/en\/1914-1930-solitary-artist\/\">Paintings<\/a><\/div>\n\n\n\n<div class=\"wp-block-button la_voir\"><a class=\"wp-block-button__link\" href=\"https:\/\/rouault.org\/en\/biography\/solitary-artist-1914-1930\/\">Works 1914-1930<\/a><\/div>\n<\/div>\n\n\n\n<div class=\"wp-block-buttons is-layout-flex wp-block-buttons-is-layout-flex\">\n<div class=\"wp-block-button\"><a class=\"wp-block-button__link\" href=\"https:\/\/rouault.org\/en\/graphic-work\/\">Graphic work<\/a><\/div>\n<\/div>\n\n<\/div><\/div><\/div>\n\n<div class=\"gb-grid-column gb-grid-column-cbb69152\"><div class=\"gb-container gb-container-cbb69152\"><div class=\"gb-inside-container\">\n\n<figure class=\"wp-block-image size-medium\"><img loading=\"lazy\" decoding=\"async\" width=\"861\" height=\"1170\" src=\"https:\/\/rouault.org\/wp-content\/uploads\/2021\/06\/O.G.358.Paysages-legendaires-1929-Le-Beau-Dimanche2.jpg\" alt=\"Paysages l\u00e9gendaires: Le Beau Dimanche, 1929\" class=\"wp-image-2407\" srcset=\"https:\/\/rouault.org\/wp-content\/uploads\/2021\/06\/O.G.358.Paysages-legendaires-1929-Le-Beau-Dimanche2.jpg 861w, https:\/\/rouault.org\/wp-content\/uploads\/2021\/06\/O.G.358.Paysages-legendaires-1929-Le-Beau-Dimanche2-708x962.jpg 708w, https:\/\/rouault.org\/wp-content\/uploads\/2021\/06\/O.G.358.Paysages-legendaires-1929-Le-Beau-Dimanche2-357x485.jpg 357w, https:\/\/rouault.org\/wp-content\/uploads\/2021\/06\/O.G.358.Paysages-legendaires-1929-Le-Beau-Dimanche2-768x1044.jpg 768w\" sizes=\"(max-width: 861px) 100vw, 861px\" \/><figcaption><em>Paysages l\u00e9gendaires<\/em>: <em>Le Beau Dimanche<\/em>, 1929<\/figcaption><\/figure>\n\n<\/div><\/div><\/div>\n<\/div>","protected":false},"excerpt":{"rendered":"","protected":false},"author":1,"featured_media":0,"parent":3510,"menu_order":2,"comment_status":"closed","ping_status":"closed","template":"","meta":{"inline_featured_image":false,"footnotes":""},"_links":{"self":[{"href":"https:\/\/rouault.org\/en\/wp-json\/wp\/v2\/pages\/3501"}],"collection":[{"href":"https:\/\/rouault.org\/en\/wp-json\/wp\/v2\/pages"}],"about":[{"href":"https:\/\/rouault.org\/en\/wp-json\/wp\/v2\/types\/page"}],"author":[{"embeddable":true,"href":"https:\/\/rouault.org\/en\/wp-json\/wp\/v2\/users\/1"}],"replies":[{"embeddable":true,"href":"https:\/\/rouault.org\/en\/wp-json\/wp\/v2\/comments?post=3501"}],"version-history":[{"count":4,"href":"https:\/\/rouault.org\/en\/wp-json\/wp\/v2\/pages\/3501\/revisions"}],"predecessor-version":[{"id":3630,"href":"https:\/\/rouault.org\/en\/wp-json\/wp\/v2\/pages\/3501\/revisions\/3630"}],"up":[{"embeddable":true,"href":"https:\/\/rouault.org\/en\/wp-json\/wp\/v2\/pages\/3510"}],"wp:attachment":[{"href":"https:\/\/rouault.org\/en\/wp-json\/wp\/v2\/media?parent=3501"}],"curies":[{"name":"wp","href":"https:\/\/api.w.org\/{rel}","templated":true}]}}