{"id":3496,"date":"2022-10-31T17:10:57","date_gmt":"2022-10-31T16:10:57","guid":{"rendered":"https:\/\/rouault.org\/rebellion-1902-1914\/"},"modified":"2022-11-04T11:02:48","modified_gmt":"2022-11-04T10:02:48","slug":"rebellion-1902-1914","status":"publish","type":"page","link":"https:\/\/rouault.org\/en\/biography\/rebellion-1902-1914\/","title":{"rendered":"Rebellion\u00a0|\u00a01902-1914"},"content":{"rendered":"<div class=\"gb-grid-wrapper gb-grid-wrapper-83e7bf65\">\n<div class=\"gb-grid-column gb-grid-column-ef7a7d07\"><div class=\"gb-container gb-container-ef7a7d07\"><div class=\"gb-inside-container\">\n\n<p>In accordance with the wishes of Gustave Moreau, in 1902 Georges Rouault was appointed curator of his former teacher\u2019s private mansion. Having been bequeathed to the State, it was transformed into a museum and inaugurated in 1903. Until 1932, when he resigned from this post, such a position offered him a certain financial security and independence in his work. He worked in the studio of Desvalli\u00e8res on Rue&nbsp;La&nbsp;Rochefoucauld, opposite Renoir\u2019s studio.<\/p>\n\n\n\n<p>Weak and exhausted, in 1902 he went to Evian for a period of convalescence. The peace and quiet and the beauty of the late autumn renewed his vision. He began paining with a new vigor.<\/p>\n\n\n\n<blockquote class=\"wp-block-quote is-layout-flow wp-block-quote-is-layout-flow\"><p>I underwent a moral crisis of the most violent sort. I experienced things which cannot be expressed by words. And I began to paint with an outrageous lyricism which disconcerted everybody.<\/p><cite>Georges Rouault quoted by Georges Charensol<\/cite><\/blockquote>\n\n<\/div><\/div><\/div>\n\n<div class=\"gb-grid-column gb-grid-column-30ff4333\"><div class=\"gb-container gb-container-30ff4333\"><div class=\"gb-inside-container\">\n\n<figure class=\"wp-block-image size-full\"><img loading=\"lazy\" decoding=\"async\" width=\"708\" height=\"1062\" src=\"https:\/\/rouault.org\/wp-content\/uploads\/2021\/05\/musee-moreau.jpg\" alt=\"Mus\u00e9e Gustave Moreau: second floor staircase\nPhoto \u00a9 Hartl-Meyer\" class=\"wp-image-1274\" srcset=\"https:\/\/rouault.org\/wp-content\/uploads\/2021\/05\/musee-moreau.jpg 708w, https:\/\/rouault.org\/wp-content\/uploads\/2021\/05\/musee-moreau-357x536.jpg 357w\" sizes=\"(max-width: 708px) 100vw, 708px\" \/><figcaption>Mus\u00e9e Gustave Moreau: second floor staircase<\/figcaption><\/figure>\n\n<\/div><\/div><\/div>\n<\/div>\n\n<div class=\"gb-grid-wrapper gb-grid-wrapper-97c5c89e\">\n<div class=\"gb-grid-column gb-grid-column-6c736872\"><div class=\"gb-container gb-container-6c736872\"><div class=\"gb-inside-container\">\n\n<figure class=\"wp-block-image size-medium\"><a href=\"\/oeuvre\/fille-au-miroir-1906-2\/\"><img loading=\"lazy\" decoding=\"async\" width=\"708\" height=\"932\" src=\"https:\/\/rouault.org\/wp-content\/uploads\/2021\/05\/O.P.189.1906-Fille-au-miroir-MNAM-CCI-Centre-Pompidou-Paris-708x932.jpg\" alt=\"Fille au miroir - 1906\" class=\"wp-image-1472\" srcset=\"https:\/\/rouault.org\/wp-content\/uploads\/2021\/05\/O.P.189.1906-Fille-au-miroir-MNAM-CCI-Centre-Pompidou-Paris-708x932.jpg 708w, https:\/\/rouault.org\/wp-content\/uploads\/2021\/05\/O.P.189.1906-Fille-au-miroir-MNAM-CCI-Centre-Pompidou-Paris-357x470.jpg 357w, https:\/\/rouault.org\/wp-content\/uploads\/2021\/05\/O.P.189.1906-Fille-au-miroir-MNAM-CCI-Centre-Pompidou-Paris-768x1011.jpg 768w, https:\/\/rouault.org\/wp-content\/uploads\/2021\/05\/O.P.189.1906-Fille-au-miroir-MNAM-CCI-Centre-Pompidou-Paris.jpg 889w\" sizes=\"(max-width: 708px) 100vw, 708px\" \/><\/a><figcaption><em><a href=\"https:\/\/rouault.org\/oeuvre\/fille-au-miroir-1906-2\/\" data-type=\"URL\" data-id=\"\/oeuvre\/fille-au-miroir-1906-2\/\">Fille au miroir<\/a><\/em>, 1906<\/figcaption><\/figure>\n\n<\/div><\/div><\/div>\n\n<div class=\"gb-grid-column gb-grid-column-963f8bde\"><div class=\"gb-container gb-container-963f8bde\"><div class=\"gb-inside-container\">\n\n<p>Upon returning to Paris, he shared a studio with Marquet and some other artists near Place Clichy, where prostitutes would pose in exchange for a rest and the warmth of the studio. Here he would paint his first \u201cFilles\u201d (prostitutes). The world of circus performers appeared in his work and later he began to paint judges after meeting the Deputy Prosecutor Granier.<\/p>\n\n\n\n<p>Rouault\u2019s work featured in the 1903 Salon d\u2019Automne of which he was a founding member along with Henri Matisse, Bonnard, Vallotton, Vuillard and Desvalli\u00e8res. That same year, Rouault met Degas who comforted him in his approach.<\/p>\n\n<\/div><\/div><\/div>\n<\/div>\n\n\n<div style=\"height:17px\" aria-hidden=\"true\" class=\"wp-block-spacer\"><\/div>\n\n\n<div class=\"gb-grid-wrapper gb-grid-wrapper-0a91c730\">\n<div class=\"gb-grid-column gb-grid-column-afd5e14a\"><div class=\"gb-container gb-container-afd5e14a\"><div class=\"gb-inside-container\">\n\n<h2 class=\"gb-headline gb-headline-805b63c9 gb-headline-text\">Friendship with L\u00e9on Bloy<\/h2>\n\n\n\n<p>In 1904, he met L\u00e9on Bloy whose writings he had discovered in the library of Gustave Moreau. The works of this polemical writer (<em>The&nbsp;Desperate Man<\/em>, <em>The Woman Who Was Poor<\/em>) expressed his opposition to the hypocrisy of a Christian bourgeoisie led more by convention than conviction, whom he denounced ferociously, as well as the mediocrity or baseness manifested in society. The writer\u2019s independent spirit and direct style resonated with Rouault and inspired his new approach. Inspired by Bloy\u2019s ideas on society, Rouault reflected these in his paintings (\u201d&nbsp;Les Poulot&nbsp;\u201d characters in <em>The Woman Who Was Poor<\/em> by Bloy). In spite of their unwavering friendship, Bloy rejected Rouault\u2019s work and would never understand it.<\/p>\n\n\n\n<p>In 1905, Rouault was introduced to the philosophers Jacques and Ra\u00efssa Maritain, who had been converted to Catholicism by L\u00e9on Bloy. They would become close friends and loyal supporters of his work.<\/p>\n\n<\/div><\/div><\/div>\n\n<div class=\"gb-grid-column gb-grid-column-942c0689\"><div class=\"gb-container gb-container-942c0689\"><div class=\"gb-inside-container\">\n\n<figure class=\"wp-block-image size-large\"><img loading=\"lazy\" decoding=\"async\" width=\"708\" height=\"708\" src=\"https:\/\/rouault.org\/wp-content\/uploads\/2021\/05\/leon-bloy.jpg\" alt=\"L\u00e9on Bloy\" class=\"wp-image-1278\" srcset=\"https:\/\/rouault.org\/wp-content\/uploads\/2021\/05\/leon-bloy.jpg 708w, https:\/\/rouault.org\/wp-content\/uploads\/2021\/05\/leon-bloy-357x357.jpg 357w\" sizes=\"(max-width: 708px) 100vw, 708px\" \/><figcaption>L\u00e9on Bloy, 1905<\/figcaption><\/figure>\n\n<\/div><\/div><\/div>\n<\/div>\n\n\n<div style=\"height:17px\" aria-hidden=\"true\" class=\"wp-block-spacer\"><\/div>\n\n\n<div class=\"gb-grid-wrapper gb-grid-wrapper-f23b75e2\">\n<div class=\"gb-grid-column gb-grid-column-5482d831\"><div class=\"gb-container gb-container-5482d831\"><div class=\"gb-inside-container\">\n\n<figure class=\"wp-block-image size-large\"><a href=\"\/oeuvre\/petit-nu-assis-1907\/\"><img loading=\"lazy\" decoding=\"async\" width=\"708\" height=\"769\" src=\"https:\/\/rouault.org\/wp-content\/uploads\/2021\/06\/Petit-nu-assis-1907_.jpg\" alt=\"Petit Nu Assis, 1907\" class=\"wp-image-2476\" srcset=\"https:\/\/rouault.org\/wp-content\/uploads\/2021\/06\/Petit-nu-assis-1907_.jpg 708w, https:\/\/rouault.org\/wp-content\/uploads\/2021\/06\/Petit-nu-assis-1907_-357x388.jpg 357w\" sizes=\"(max-width: 708px) 100vw, 708px\" \/><\/a><figcaption><em><a href=\"https:\/\/rouault.org\/oeuvre\/petit-nu-assis-1907\/\" data-type=\"URL\" data-id=\"\/oeuvre\/petit-nu-assis-1907\/\">Petit Nu assis<\/a><\/em>, ceramic, 1907<\/figcaption><\/figure>\n\n<\/div><\/div><\/div>\n\n<div class=\"gb-grid-column gb-grid-column-90b0f3b4\"><div class=\"gb-container gb-container-90b0f3b4\"><div class=\"gb-inside-container\">\n\n<h2 class=\"gb-headline gb-headline-50ccd593 gb-headline-text\">Painting and ceramics<\/h2>\n\n\n\n<p>Rouault participated actively in the Salons and painted in several studios that he shared with other artists. Rouault participated in the 1905 Salon d\u2019Automne along with Matisse, Marquet, Derain and Manguin. The aesthetic shock produced by the works of these artists led the critic Louis Vauxcelles to compare them with \u201cfauves\u201d, meaning \u201cwild beasts\u201d, which gave the Fauves their name.<\/p>\n\n\n\n<p>Like many artists at the time, Rouault was interested in ceramics. He met Ambroise Vollard, who would became his art dealer, in the ceramic studio of Andr\u00e9 Mettey in 1907.<\/p>\n\n<\/div><\/div><\/div>\n<\/div>\n\n\n<div style=\"height:17px\" aria-hidden=\"true\" class=\"wp-block-spacer\"><\/div>\n\n\n<div class=\"gb-grid-wrapper gb-grid-wrapper-917f0252\">\n<div class=\"gb-grid-column gb-grid-column-012af7ac\"><div class=\"gb-container gb-container-012af7ac\"><div class=\"gb-inside-container\">\n\n<h2 class=\"gb-headline gb-headline-5896da85 gb-headline-text\">Rouault and his family<\/h2>\n\n\n\n<p>On 27 January 1908, Georges Rouault married Marthe Le Sidaner (1873-1973), pianist and sister of the pointillist painter Henri le Sidaner. They had four children: Genevi\u00e8ve born in 1909, Isabelle born in 1910, Michel born in 1912 and Agn\u00e8s born in 1915. The couple lived at the Mus\u00e9e Gustave Moreau, then moved to Versailles in 1912 where they were neighbours with the Maritains.<\/p>\n\n\n\n<p>Rouault\u2019s father died in 1912. Deeply affected by his death, the painter began a study on the theme of Miserere.<\/p>\n\n<\/div><\/div><\/div>\n\n<div class=\"gb-grid-column gb-grid-column-a299d21e\"><div class=\"gb-container gb-container-a299d21e\"><div class=\"gb-inside-container\">\n\n<figure class=\"wp-block-image size-full\"><img loading=\"lazy\" decoding=\"async\" width=\"708\" height=\"1062\" src=\"https:\/\/rouault.org\/wp-content\/uploads\/2021\/05\/rouault-1908-mariage-eortie-eglise.jpg\" alt=\"Wedding of Georges Rouault and Marthe Le Sidaner, 1908\" class=\"wp-image-1276\" srcset=\"https:\/\/rouault.org\/wp-content\/uploads\/2021\/05\/rouault-1908-mariage-eortie-eglise.jpg 708w, https:\/\/rouault.org\/wp-content\/uploads\/2021\/05\/rouault-1908-mariage-eortie-eglise-357x536.jpg 357w\" sizes=\"(max-width: 708px) 100vw, 708px\" \/><figcaption>Wedding of Georges Rouault and Marthe Le Sidaner, 1908<\/figcaption><\/figure>\n\n<\/div><\/div><\/div>\n<\/div>\n\n<div class=\"gb-grid-wrapper gb-grid-wrapper-751a9afb\">\n<div class=\"gb-grid-column gb-grid-column-29f1935b\"><div class=\"gb-container gb-container-29f1935b\"><div class=\"gb-inside-container\">\n\n<div class=\"wp-block-buttons is-layout-flex wp-block-buttons-is-layout-flex\">\n<div class=\"wp-block-button\"><a class=\"wp-block-button__link\" href=\"https:\/\/rouault.org\/en\/biography\/solitary-artist-1914-1930\/\">Next<\/a><\/div>\n<\/div>\n\n\n\n<div class=\"wp-block-buttons is-layout-flex wp-block-buttons-is-layout-flex\">\n<div class=\"wp-block-button\"><a class=\"wp-block-button__link\" href=\"https:\/\/rouault.org\/en\/1902-1914-rebellion\/\">Paintings<\/a><\/div>\n\n\n\n<div class=\"wp-block-button la_voir\"><a class=\"wp-block-button__link\" href=\"https:\/\/rouault.org\/en\/paintings\/1902-1914-rebellion\/paintings-1902-1914\/\">Works 1902-1914<\/a><\/div>\n<\/div>\n\n<\/div><\/div><\/div>\n<\/div>","protected":false},"excerpt":{"rendered":"","protected":false},"author":1,"featured_media":0,"parent":3510,"menu_order":1,"comment_status":"closed","ping_status":"closed","template":"","meta":{"inline_featured_image":false,"footnotes":""},"_links":{"self":[{"href":"https:\/\/rouault.org\/en\/wp-json\/wp\/v2\/pages\/3496"}],"collection":[{"href":"https:\/\/rouault.org\/en\/wp-json\/wp\/v2\/pages"}],"about":[{"href":"https:\/\/rouault.org\/en\/wp-json\/wp\/v2\/types\/page"}],"author":[{"embeddable":true,"href":"https:\/\/rouault.org\/en\/wp-json\/wp\/v2\/users\/1"}],"replies":[{"embeddable":true,"href":"https:\/\/rouault.org\/en\/wp-json\/wp\/v2\/comments?post=3496"}],"version-history":[{"count":5,"href":"https:\/\/rouault.org\/en\/wp-json\/wp\/v2\/pages\/3496\/revisions"}],"predecessor-version":[{"id":3675,"href":"https:\/\/rouault.org\/en\/wp-json\/wp\/v2\/pages\/3496\/revisions\/3675"}],"up":[{"embeddable":true,"href":"https:\/\/rouault.org\/en\/wp-json\/wp\/v2\/pages\/3510"}],"wp:attachment":[{"href":"https:\/\/rouault.org\/en\/wp-json\/wp\/v2\/media?parent=3496"}],"curies":[{"name":"wp","href":"https:\/\/api.w.org\/{rel}","templated":true}]}}