{"id":3491,"date":"2022-10-31T17:10:55","date_gmt":"2022-10-31T16:10:55","guid":{"rendered":"https:\/\/rouault.org\/early-years-1871-1902\/"},"modified":"2022-11-04T11:01:35","modified_gmt":"2022-11-04T10:01:35","slug":"early-years-1871-1902","status":"publish","type":"page","link":"https:\/\/rouault.org\/en\/biography\/early-years-1871-1902\/","title":{"rendered":"Early years 1871-1902"},"content":{"rendered":"\n<h1 class=\"gb-headline gb-headline-c54580b3 gb-headline-text\">Early years&nbsp;&nbsp;|&nbsp;&nbsp;1871-1902<\/h1>\n\n\n<div class=\"gb-grid-wrapper gb-grid-wrapper-2395ff3d\">\n<div class=\"gb-grid-column gb-grid-column-d0e843b5\"><div class=\"gb-container gb-container-d0e843b5\"><div class=\"gb-inside-container\">\n\n<figure class=\"wp-block-image size-medium\"><img loading=\"lazy\" decoding=\"async\" width=\"708\" height=\"979\" src=\"https:\/\/rouault.org\/wp-content\/uploads\/2021\/03\/early-years-708x979.jpg\" alt=\"Georges Rouault aged 18, circa 1889\" class=\"wp-image-562\" srcset=\"https:\/\/rouault.org\/wp-content\/uploads\/2021\/03\/early-years-708x979.jpg 708w, https:\/\/rouault.org\/wp-content\/uploads\/2021\/03\/early-years-847x1170.jpg 847w, https:\/\/rouault.org\/wp-content\/uploads\/2021\/03\/early-years-357x493.jpg 357w, https:\/\/rouault.org\/wp-content\/uploads\/2021\/03\/early-years-768x1062.jpg 768w, https:\/\/rouault.org\/wp-content\/uploads\/2021\/03\/early-years-1111x1536.jpg 1111w, https:\/\/rouault.org\/wp-content\/uploads\/2021\/03\/early-years-1482x2048.jpg 1482w, https:\/\/rouault.org\/wp-content\/uploads\/2021\/03\/early-years-scaled.jpg 741w\" sizes=\"(max-width: 708px) 100vw, 708px\" \/><figcaption>Georges Rouault aged 18, circa 1889<\/figcaption><\/figure>\n\n<\/div><\/div><\/div>\n\n<div class=\"gb-grid-column gb-grid-column-430ef261\"><div class=\"gb-container gb-container-430ef261\"><div class=\"gb-inside-container\">\n\n<p>Born on 27 May 1871 during the bombardments at the time of the Paris Commune, Georges Rouault spent his childhood in the old working-class neighbourhood of Belleville.<\/p>\n\n\n\n<p>Son of a cabinet maker who was employed at the Pleyel piano factory as a wood finisher, he soon developed his own love of craftsmanship. At the age of 14, he began an apprenticeship as a stained glass maker. Introduced early to the works of Courbet, Manet, Forain and Daumier by his maternal grandfather, Alexandre Champdavoine, he gradually developed a passion for painting which then became his vocation.&nbsp;<\/p>\n\n\n\n<p>First attending classes at the \u00c9cole des Arts D\u00e9coratifs, he then enrolled at the \u00c9cole des Beaux-Arts in 1890 and ended his apprenticeship as a stained glass maker.&nbsp;<\/p>\n\n<\/div><\/div><\/div>\n<\/div>\n\n<div class=\"gb-grid-wrapper gb-grid-wrapper-1ed37652\">\n<div class=\"gb-grid-column gb-grid-column-277ca38c\"><div class=\"gb-container gb-container-277ca38c\"><div class=\"gb-inside-container\">\n\n<h2 class=\"gb-headline gb-headline-ba91ec7b gb-headline-text\">Training<\/h2>\n\n<\/div><\/div><\/div>\n<\/div>\n\n<div class=\"gb-grid-wrapper gb-grid-wrapper-a8f36fa1 the_grid\">\n<div class=\"gb-grid-column gb-grid-column-65581d23\"><div class=\"gb-container gb-container-65581d23\"><div class=\"gb-inside-container\">\n\n<p>At the \u00c9cole des Beaux-Arts he would meet a man who would greatly influence his future. In his second year of study he became a pupil of Gustave Moreau.<\/p>\n\n\n\n<p>Henri Matisse, Albert Marquet, Henri Manguin, Henri Evenepoel and L\u00e9on Lehmann, with whom he would remain close, also studied under Moreau who was an excellent tutor and encouraged his pupils to reveal their inner vision. Gustave Moreau particularly understood Georges Rouault and provided him with advice, reassurance and guidance. He developed a close friendship with his pupil.<\/p>\n\n<\/div><\/div><\/div>\n\n<div class=\"gb-grid-column gb-grid-column-99a9e950\"><div class=\"gb-container gb-container-99a9e950\"><div class=\"gb-inside-container\">\n\n<blockquote class=\"wp-block-quote is-layout-flow wp-block-quote-is-layout-flow\"><p>You love an art that is deep, sober and in its essence religious, and everything you do will be marked with this seal.<\/p><cite>Gustave Moreau, quoted by Georges Rouault in <em>Souvenirs Intimes<\/em>, 1926<\/cite><\/blockquote>\n\n<\/div><\/div><\/div>\n<\/div>\n\n<div class=\"gb-grid-wrapper gb-grid-wrapper-d71cc513 the_grid\">\n<div class=\"gb-grid-column gb-grid-column-cfa9a821\"><div class=\"gb-container gb-container-cfa9a821\"><div class=\"gb-inside-container\"><\/div><\/div><\/div>\n\n<div class=\"gb-grid-column gb-grid-column-e7892ffe\"><div class=\"gb-container gb-container-e7892ffe\"><div class=\"gb-inside-container\">\n\n<figure class=\"wp-block-image size-large\"><img loading=\"lazy\" decoding=\"async\" width=\"1170\" height=\"859\" src=\"https:\/\/rouault.org\/wp-content\/uploads\/2021\/05\/1897-decembre-Atelier-Moreau-BA.jpg\" alt=\"George Rouault at the \u00c9cole des Beaux Arts\" class=\"wp-image-2011\" srcset=\"https:\/\/rouault.org\/wp-content\/uploads\/2021\/05\/1897-decembre-Atelier-Moreau-BA.jpg 1170w, https:\/\/rouault.org\/wp-content\/uploads\/2021\/05\/1897-decembre-Atelier-Moreau-BA-708x520.jpg 708w, https:\/\/rouault.org\/wp-content\/uploads\/2021\/05\/1897-decembre-Atelier-Moreau-BA-357x262.jpg 357w, https:\/\/rouault.org\/wp-content\/uploads\/2021\/05\/1897-decembre-Atelier-Moreau-BA-768x564.jpg 768w\" sizes=\"(max-width: 1170px) 100vw, 1170px\" \/><figcaption>At the \u00c9cole des Beaux-Arts. Georges Rouault is in the middle of the first row, 1897<\/figcaption><\/figure>\n\n<\/div><\/div><\/div>\n\n<div class=\"gb-grid-column gb-grid-column-89a96c7e\"><div class=\"gb-container gb-container-89a96c7e\"><div class=\"gb-inside-container\"><\/div><\/div><\/div>\n<\/div>\n\n<div class=\"gb-grid-wrapper gb-grid-wrapper-bc980eae\">\n<div class=\"gb-grid-column gb-grid-column-2b527561\"><div class=\"gb-container gb-container-2b527561\"><div class=\"gb-inside-container\">\n\n<p>Encouraged by Gustave Moreau to participate in public exhibitions, he began to make a name for himself. At the age of 23 he won the Prix Chenavard with <em>L\u2019Enfant J\u00e9sus parmi les docteurs<\/em> (Infant Jesus among the Doctors). His early works followed the conventional themes that were in fashion at the time, marked by a symbolist aesthetic that he would later move away from. After a second failed attempt at the Prix de Rome, Rouault left the \u00c9cole des Beaux-Arts on the advice of Gustave Moreau. In his subsequent works he abandoned the conformity of the school\u2019s academic style.<\/p>\n\n<\/div><\/div><\/div>\n\n<div class=\"gb-grid-column gb-grid-column-8c86ffdc\"><div class=\"gb-container gb-container-8c86ffdc\"><div class=\"gb-inside-container\"><\/div><\/div><\/div>\n<\/div>\n\n\n<div style=\"height:45px\" aria-hidden=\"true\" class=\"wp-block-spacer\"><\/div>\n\n\n<div class=\"gb-grid-wrapper gb-grid-wrapper-17923e61\">\n<div class=\"gb-grid-column gb-grid-column-cebb16bf\"><div class=\"gb-container gb-container-cebb16bf\"><div class=\"gb-inside-container\">\n\n<figure class=\"wp-block-image size-large\"><img loading=\"lazy\" decoding=\"async\" width=\"708\" height=\"943\" src=\"https:\/\/rouault.org\/wp-content\/uploads\/2021\/06\/OG312-Gustave-Moreau.jpg\" alt=\"Portrait of Gustave Moreau by Georges Rouault\" class=\"wp-image-2256\" srcset=\"https:\/\/rouault.org\/wp-content\/uploads\/2021\/06\/OG312-Gustave-Moreau.jpg 708w, https:\/\/rouault.org\/wp-content\/uploads\/2021\/06\/OG312-Gustave-Moreau-357x475.jpg 357w\" sizes=\"(max-width: 708px) 100vw, 708px\" \/><figcaption>Portrait of Gustave Moreau by Georges Rouault<\/figcaption><\/figure>\n\n<\/div><\/div><\/div>\n\n<div class=\"gb-grid-column gb-grid-column-7464983c\"><div class=\"gb-container gb-container-7464983c\"><div class=\"gb-inside-container\">\n\n<h2 class=\"gb-headline gb-headline-057cff35 gb-headline-text\">Death of Gustave Moreau<\/h2>\n\n\n\n<p>In 1898 Gustave Moreau died of cancer. Rouault lost his main source of moral support and his world collapsed. He referred to this period himself as \u201cthe abyss\u201d. In the years that followed, Rouault underwent a moral and artistic crisis. Deeply affected by the death of his teacher and separated from his family who had moved to Algeria, he endured a long period of solitude and sorrow.<\/p>\n\n<\/div><\/div><\/div>\n<\/div>\n\n\n<h2 class=\"gb-headline gb-headline-eb26ee9e gb-headline-text\">Rouault and religion<\/h2>\n\n\n<div class=\"gb-grid-wrapper gb-grid-wrapper-919f8338\">\n<div class=\"gb-grid-column gb-grid-column-52ff6488\"><div class=\"gb-container gb-container-52ff6488\"><div class=\"gb-inside-container\">\n\n<p>Although he was christened when he was one-month old, Rouault had a secular upbringing. It was only at the age of 24 that he decided to convert to Catholicism and took his first communion. He frequented writers such as Joris-Karl&nbsp;Huysmans and L\u00e9on Bloy, who, with Charles P\u00e9guy, were leaders of a neo-Catholic literary movement which opposed superficiality and the weakness of official church art. At the end of April 1901, Rouault joined a group of intellectuals at the Abby of Ligug\u00e9. Huysmans intended to create a community of catholic artists. The group agreed to resist publicity and everything that flattered their creative vanities. During his stay within this community, Rouault resolved never to compromise his art by pandering to public taste. The community was dissolved when the Waldeck-Rousseau Law was voted, banning radical and religious associations. Rouault returned to Paris and resumed painting, or at least resumed his artistic quest.<\/p>\n\n<\/div><\/div><\/div>\n\n<div class=\"gb-grid-column gb-grid-column-19f413a7\"><div class=\"gb-container gb-container-19f413a7\"><div class=\"gb-inside-container\">\n\n<figure class=\"wp-block-image size-full\"><img loading=\"lazy\" decoding=\"async\" width=\"708\" height=\"472\" src=\"https:\/\/rouault.org\/wp-content\/uploads\/2021\/05\/1901-a-liguge.jpg\" alt=\"Rouault at the Benedictine abbey of Ligug\u00e9, 1901\" class=\"wp-image-1269\" srcset=\"https:\/\/rouault.org\/wp-content\/uploads\/2021\/05\/1901-a-liguge.jpg 708w, https:\/\/rouault.org\/wp-content\/uploads\/2021\/05\/1901-a-liguge-357x238.jpg 357w\" sizes=\"(max-width: 708px) 100vw, 708px\" \/><figcaption>Rouault at the Benedictine abbey of Ligug\u00e9, 1901<\/figcaption><\/figure>\n\n<\/div><\/div><\/div>\n<\/div>\n\n<div class=\"gb-grid-wrapper gb-grid-wrapper-a1f58d89\">\n<div class=\"gb-grid-column gb-grid-column-5cffdd4b\"><div class=\"gb-container gb-container-5cffdd4b\"><div class=\"gb-inside-container\">\n\n<div class=\"wp-block-buttons is-layout-flex wp-block-buttons-is-layout-flex\">\n<div class=\"wp-block-button\"><a class=\"wp-block-button__link\" href=\"https:\/\/rouault.org\/en\/biography\/rebellion-1902-1914\/\">Next<\/a><\/div>\n<\/div>\n\n\n\n<div class=\"wp-block-buttons is-layout-flex wp-block-buttons-is-layout-flex\">\n<div class=\"wp-block-button\"><a class=\"wp-block-button__link\" href=\"https:\/\/rouault.org\/en\/1871-1902-early-years\/\">Paintings<\/a><\/div>\n\n\n\n<div class=\"wp-block-button la_voir\"><a class=\"wp-block-button__link\" href=\"https:\/\/rouault.org\/en\/paintings\/1871-1902-early-years\/paintings-1871-1902\/\">Works 1871-1902<\/a><\/div>\n<\/div>\n\n<\/div><\/div><\/div>\n<\/div>","protected":false},"excerpt":{"rendered":"<p>Early years&nbsp;&nbsp;|&nbsp;&nbsp;1871-1902 Rouault and religion<\/p>\n","protected":false},"author":1,"featured_media":0,"parent":3510,"menu_order":0,"comment_status":"closed","ping_status":"closed","template":"","meta":{"inline_featured_image":false,"footnotes":""},"_links":{"self":[{"href":"https:\/\/rouault.org\/en\/wp-json\/wp\/v2\/pages\/3491"}],"collection":[{"href":"https:\/\/rouault.org\/en\/wp-json\/wp\/v2\/pages"}],"about":[{"href":"https:\/\/rouault.org\/en\/wp-json\/wp\/v2\/types\/page"}],"author":[{"embeddable":true,"href":"https:\/\/rouault.org\/en\/wp-json\/wp\/v2\/users\/1"}],"replies":[{"embeddable":true,"href":"https:\/\/rouault.org\/en\/wp-json\/wp\/v2\/comments?post=3491"}],"version-history":[{"count":5,"href":"https:\/\/rouault.org\/en\/wp-json\/wp\/v2\/pages\/3491\/revisions"}],"predecessor-version":[{"id":3674,"href":"https:\/\/rouault.org\/en\/wp-json\/wp\/v2\/pages\/3491\/revisions\/3674"}],"up":[{"embeddable":true,"href":"https:\/\/rouault.org\/en\/wp-json\/wp\/v2\/pages\/3510"}],"wp:attachment":[{"href":"https:\/\/rouault.org\/en\/wp-json\/wp\/v2\/media?parent=3491"}],"curies":[{"name":"wp","href":"https:\/\/api.w.org\/{rel}","templated":true}]}}