{"id":3481,"date":"2022-10-31T17:10:50","date_gmt":"2022-10-31T16:10:50","guid":{"rendered":"https:\/\/rouault.org\/graphic-work\/illustrated-books\/"},"modified":"2024-03-18T13:29:32","modified_gmt":"2024-03-18T12:29:32","slug":"illustrated-books","status":"publish","type":"page","link":"https:\/\/rouault.org\/en\/graphic-work\/illustrated-books\/","title":{"rendered":"Illustrated books"},"content":{"rendered":"\n<h1 class=\"gb-headline gb-headline-78ed1a56 gb-headline-text\">Illustrated books<\/h1>\n\n\n<div class=\"gb-grid-wrapper gb-grid-wrapper-ab68841a\">\n<div class=\"gb-grid-column gb-grid-column-2b0ce436\"><div class=\"gb-container gb-container-2b0ce436\"><div class=\"gb-inside-container\">\n\n<h2 class=\"gb-headline gb-headline-f33b9074 gb-headline-text\">Souvenir Intimes:<\/h2>\n\n\n\n<p>Texts by Georges Rouault<br>Original lithographs<br>\u00c9ditions Edmond Frapier, 1926<\/p>\n\n<\/div><\/div><\/div>\n\n<div class=\"gb-grid-column gb-grid-column-df83521b\"><div class=\"gb-container gb-container-df83521b\"><div class=\"gb-inside-container\">\n\n<figure class=\"wp-block-image size-large\"><a href=\"\/oeuvre\/souvenirs-intimes-baudelaire-1926\/\"><img loading=\"lazy\" decoding=\"async\" width=\"708\" height=\"708\" src=\"https:\/\/rouault.org\/wp-content\/uploads\/2021\/06\/OG316-Souvenirs-intimes-1926-Baudelaire-1.jpg\" alt=\"Souvenirs intimes, Baudelaire, 1926, detail\" class=\"wp-image-3076\" srcset=\"https:\/\/rouault.org\/wp-content\/uploads\/2021\/06\/OG316-Souvenirs-intimes-1926-Baudelaire-1.jpg 708w, https:\/\/rouault.org\/wp-content\/uploads\/2021\/06\/OG316-Souvenirs-intimes-1926-Baudelaire-1-357x357.jpg 357w\" sizes=\"(max-width: 708px) 100vw, 708px\" \/><\/a><figcaption class=\"wp-element-caption\"><a href=\"https:\/\/rouault.org\/oeuvre\/souvenirs-intimes-baudelaire-1926\/\" data-type=\"URL\" data-id=\"\/oeuvre\/souvenirs-intimes-baudelaire-1926\/\"><em>Souvenirs intimes<\/em>:<em> Baudelaire<\/em><\/a>, 1926, detail<\/figcaption><\/figure>\n\n<\/div><\/div><\/div>\n<\/div>\n\n<div class=\"gb-grid-wrapper gb-grid-wrapper-6ed641ab\">\n<div class=\"gb-grid-column gb-grid-column-1d409102\"><div class=\"gb-container gb-container-1d409102\"><div class=\"gb-inside-container\">\n\n<figure class=\"wp-block-image size-large\"><a href=\"\/oeuvre\/paysages-legendaires-le-beau-dimanche-1929\/\"><img decoding=\"async\" src=\"https:\/\/rouault.org\/wp-content\/uploads\/2021\/06\/O.G.358.Paysages-legendaires-1929-Le-Beau-Dimanche2.jpg\" alt=\"Paysages le\u0301gendaires 1929 Le Beau Dimanche\" class=\"wp-image-3079\"\/><\/a><figcaption class=\"wp-element-caption\"><em>Paysages l\u00e9gendaires<\/em>: <em>Le Beau dimanche<\/em>, 1935, <a href=\"https:\/\/rouault.org\/oeuvre\/le-christ-mort-pleure-par-les-saintes-femmes-1895\/\">detail<\/a><\/figcaption><\/figure>\n\n<\/div><\/div><\/div>\n\n<div class=\"gb-grid-column gb-grid-column-2d06ebfa\"><div class=\"gb-container gb-container-2d06ebfa\"><div class=\"gb-inside-container\">\n\n<h2 class=\"gb-headline gb-headline-7c6aec71 gb-headline-text\">Paysages l\u00e9gendaires<\/h2>\n\n\n\n<p>Poems by Georges Rouault, illustrated by the author with six original lithographs and&nbsp;&nbsp;50&nbsp;reproduced drawings.<br>\u00c9ditions Porteret, Paris, 1929<\/p>\n\n<\/div><\/div><\/div>\n<\/div>\n\n<div class=\"gb-grid-wrapper gb-grid-wrapper-63ce9b84\">\n<div class=\"gb-grid-column gb-grid-column-4bf67b66\"><div class=\"gb-container gb-container-4bf67b66\"><div class=\"gb-inside-container\">\n\n<h2 class=\"gb-headline gb-headline-1469b95a gb-headline-text\">R\u00e9incarnations du P\u00e8re Ubu<\/h2>\n\n\n\n<p>The work comprises 22 etchings and 104 woodcuts.<br>Publication of <em>R\u00e9incarnations du P\u00e8re Ubu<\/em> by \u00c9ditions Ambroise Vollard in 1932.<\/p>\n\n<\/div><\/div><\/div>\n\n<div class=\"gb-grid-column gb-grid-column-8cbdb2b9\"><div class=\"gb-container gb-container-8cbdb2b9\"><div class=\"gb-inside-container\">\n\n<figure class=\"wp-block-image size-large\"><a href=\"\/oeuvre\/ubu-le-pere-ubu-chantre-1928\/\"><img loading=\"lazy\" decoding=\"async\" width=\"708\" height=\"708\" src=\"https:\/\/rouault.org\/wp-content\/uploads\/2021\/06\/O.G.13.Ubu_.1928-Le-Pe\u0300re-Ubu-chantre-1.jpg\" alt=\"R\u00e9incarnations du P\u00e8re Ubu: Le P\u00e8re Ubu chantre, 1928, detail\" class=\"wp-image-2489\" srcset=\"https:\/\/rouault.org\/wp-content\/uploads\/2021\/06\/O.G.13.Ubu_.1928-Le-Pe\u0300re-Ubu-chantre-1.jpg 708w, https:\/\/rouault.org\/wp-content\/uploads\/2021\/06\/O.G.13.Ubu_.1928-Le-Pe\u0300re-Ubu-chantre-1-357x357.jpg 357w\" sizes=\"(max-width: 708px) 100vw, 708px\" \/><\/a><figcaption class=\"wp-element-caption\"><a href=\"https:\/\/rouault.org\/oeuvre\/ubu-le-pere-ubu-chantre-1928\/\" data-type=\"URL\" data-id=\"\/oeuvre\/ubu-le-pere-ubu-chantre-1928\/\"><em>R\u00e9incarnations du P\u00e8re Ubu <\/em>: <em>Le P\u00e8re Ubu chantre<\/em><\/a><a href=\"https:\/\/rouault.org\/oeuvre\/ubu-le-pere-ubu-chantre-1928\/\">, 1928<\/a>, <a href=\"https:\/\/rouault.org\/oeuvre\/le-christ-mort-pleure-par-les-saintes-femmes-1895\/\">detail<\/a><\/figcaption><\/figure>\n\n<\/div><\/div><\/div>\n<\/div>\n\n<div class=\"gb-grid-wrapper gb-grid-wrapper-84f60f9d\">\n<div class=\"gb-grid-column gb-grid-column-ec721518\"><div class=\"gb-container gb-container-ec721518\"><div class=\"gb-inside-container\">\n\n<figure class=\"wp-block-image size-large\"><a href=\"\/oeuvre\/cirque-de-letoile-filante-amer-citron-1935\/\"><img loading=\"lazy\" decoding=\"async\" width=\"708\" height=\"708\" src=\"https:\/\/rouault.org\/wp-content\/uploads\/2021\/06\/O.G.242d-CEF-1935-Amer-citron-1.jpg\" alt=\"Cirque de l\u2019e\u0301toile filante: Amer Citron, 1935\" class=\"wp-image-2486\" srcset=\"https:\/\/rouault.org\/wp-content\/uploads\/2021\/06\/O.G.242d-CEF-1935-Amer-citron-1.jpg 708w, https:\/\/rouault.org\/wp-content\/uploads\/2021\/06\/O.G.242d-CEF-1935-Amer-citron-1-357x357.jpg 357w\" sizes=\"(max-width: 708px) 100vw, 708px\" \/><\/a><figcaption class=\"wp-element-caption\"><a href=\"https:\/\/rouault.org\/oeuvre\/cirque-de-letoile-filante-amer-citron-1935\/\" data-type=\"URL\" data-id=\"\/oeuvre\/cirque-de-letoile-filante-amer-citron-1935\/\"><em>Cirque de l\u2019e\u0301toile filante<\/em>: <em>Amer Citron<\/em><\/a>, 1935, <a href=\"https:\/\/rouault.org\/oeuvre\/le-christ-mort-pleure-par-les-saintes-femmes-1895\/\">d\u00e9tail<\/a><\/figcaption><\/figure>\n\n<\/div><\/div><\/div>\n\n<div class=\"gb-grid-column gb-grid-column-dad69bb6\"><div class=\"gb-container gb-container-dad69bb6\"><div class=\"gb-inside-container\">\n\n<h2 class=\"gb-headline gb-headline-8a0305ce gb-headline-text\">Cirque de l\u2019e\u0301toile filante<\/h2>\n\n\n\n<p>The work comprises 17 etchings in colour and 82 wood engravings.<br>Publication of <em>Cirque de l\u2019\u00c9toile filante<\/em> by \u00c9ditions Ambroise Vollard in 1936.<\/p>\n\n\n\n<blockquote class=\"wp-block-quote is-layout-flow wp-block-quote-is-layout-flow\">\n<p>Acrobates en groupes se lient et se d\u00e9lient,<br>Ils composent un parterre choisi,<br>Rare et haut en couleur par ces temps gris,<br>Tons purs et d\u00e9licats, quelquefois agressifs, rythme<br>Altier, sans que Jim, Arthur ou Bob l\u2019aient tellement<br>Recherch\u00e9, ils soignent avec amour leurs sorties,<br>Leurs entr\u00e9es en attendant de mourir,<br>Sur la piste ou ailleurs, obscurs et bient\u00f4t<br>Oubli\u00e9s<\/p>\n<\/blockquote>\n\n<\/div><\/div><\/div>\n<\/div>\n\n<div class=\"gb-grid-wrapper gb-grid-wrapper-13f949b5 invert_col\">\n<div class=\"gb-grid-column gb-grid-column-fa2648f4\"><div class=\"gb-container gb-container-fa2648f4\"><div class=\"gb-inside-container\">\n\n<h2 class=\"gb-headline gb-headline-126a1544 gb-headline-text\">Les Fleurs du Mal<\/h2>\n\n\n\n<p>The work comprises 14 etchings, format 45 x 34 cm.<br>The text is written by Charles Baudelaire.<br>Publication of <em>Fleurs du Mal<\/em> by \u00c9ditions L\u2019\u00c9toile filante in 1936.<\/p>\n\n\n\n<blockquote class=\"wp-block-quote is-layout-flow wp-block-quote-is-layout-flow\">\n<p><em>Respectful of the opinions of others, even if they are contrary to my own, I long hesitated to live in the atmosphere of \u2018Les Fleurs du Mal\u2019 and although I was taken \u2013 wrongly &#8211; for the last romantic, I believed I could perceive the author\u2019s sensitivity. His talent emanates from a core that is more classical than it appears&#8230; Classical, for so many people, a vain word&#8230; Yet&nbsp;it is the ultimate and luminous horizon of the spirit that sets itself free of trends and accidental forms. A lofty soul is, in itself, the cause of the most concealed, hypocritical hatreds; by which some most respectable men, and sometimes the most \u2018in vogue\u2019, &nbsp;do not even notice that they are possessed.<\/em><\/p>\n<cite>Georges Rouault<\/cite><\/blockquote>\n\n<\/div><\/div><\/div>\n\n<div class=\"gb-grid-column gb-grid-column-61c5b0d8\"><div class=\"gb-container gb-container-61c5b0d8\"><div class=\"gb-inside-container\">\n\n<figure class=\"wp-block-image size-large\"><a href=\"\/oeuvre\/fleurs-du-mal-nu-de-profil-1936-1938\/\"><img loading=\"lazy\" decoding=\"async\" width=\"708\" height=\"708\" src=\"https:\/\/rouault.org\/wp-content\/uploads\/2021\/06\/FM-1936-1938-Nu-de-profil.jpg\" alt=\"Les Fleurs du mal: Nu de profil, 1936-1938, detail\" class=\"wp-image-2480\" srcset=\"https:\/\/rouault.org\/wp-content\/uploads\/2021\/06\/FM-1936-1938-Nu-de-profil.jpg 708w, https:\/\/rouault.org\/wp-content\/uploads\/2021\/06\/FM-1936-1938-Nu-de-profil-357x357.jpg 357w\" sizes=\"(max-width: 708px) 100vw, 708px\" \/><\/a><figcaption class=\"wp-element-caption\"><a href=\"https:\/\/rouault.org\/oeuvre\/fleurs-du-mal-nu-de-profil-1936-1938\/\" data-type=\"URL\" data-id=\"\/oeuvre\/fleurs-du-mal-nu-de-profil-1936-1938\/\"><em>Les Fleurs du mal<\/em>: <em>Nu de profil<\/em><\/a>, 1936-1938, <a href=\"https:\/\/rouault.org\/oeuvre\/le-christ-mort-pleure-par-les-saintes-femmes-1895\/\">detail<\/a><\/figcaption><\/figure>\n\n<\/div><\/div><\/div>\n<\/div>\n\n<div class=\"gb-grid-wrapper gb-grid-wrapper-6ed07307\">\n<div class=\"gb-grid-column gb-grid-column-9c966fc6\"><div class=\"gb-container gb-container-9c966fc6\"><div class=\"gb-inside-container\">\n\n<figure class=\"wp-block-image size-large\"><a href=\"\/oeuvre\/passion-frontispice-christ-aux-portes-de-la-ville-1935\/\"><img loading=\"lazy\" decoding=\"async\" width=\"708\" height=\"708\" src=\"https:\/\/rouault.org\/wp-content\/uploads\/2021\/06\/Passion-1935-Frontispice-Christ-aux-portes-de-la-ville.jpg\" alt=\"Passion: Frontispice (Christ aux portes de la ville), 1935\" class=\"wp-image-2483\" srcset=\"https:\/\/rouault.org\/wp-content\/uploads\/2021\/06\/Passion-1935-Frontispice-Christ-aux-portes-de-la-ville.jpg 708w, https:\/\/rouault.org\/wp-content\/uploads\/2021\/06\/Passion-1935-Frontispice-Christ-aux-portes-de-la-ville-357x357.jpg 357w\" sizes=\"(max-width: 708px) 100vw, 708px\" \/><\/a><figcaption class=\"wp-element-caption\"><a href=\"https:\/\/rouault.org\/oeuvre\/passion-frontispice-christ-aux-portes-de-la-ville-1935\/\" data-type=\"URL\" data-id=\"\/oeuvre\/passion-frontispice-christ-aux-portes-de-la-ville-1935\/\"><em>Passion<\/em>: <em>Frontispice (Christ aux portes de la ville)<\/em><\/a>, 1935, <a href=\"https:\/\/rouault.org\/oeuvre\/le-christ-mort-pleure-par-les-saintes-femmes-1895\/\">detail<\/a><\/figcaption><\/figure>\n\n<\/div><\/div><\/div>\n\n<div class=\"gb-grid-column gb-grid-column-16a99d51\"><div class=\"gb-container gb-container-16a99d51\"><div class=\"gb-inside-container\">\n\n<h2 class=\"gb-headline gb-headline-7d0bb60d gb-headline-text\">Passion &nbsp;<\/h2>\n\n\n\n<p>The work comprises 17 etchings in colour and 82 wood engravings.<br>The text is written by Andr\u00e9 Suar\u00e8s.<br>Publication of <em>Passion<\/em> by \u00c9ditions Ambroise Vollard in 1939.<\/p>\n\n\n\n<div class=\"wp-block-buttons is-layout-flex wp-block-buttons-is-layout-flex\">\n<div class=\"wp-block-button la_voir\"><a class=\"wp-block-button__link wp-element-button\" href=\"https:\/\/rouault.org\/en\/graphic-work\/illustrated-books\/selected-illustred-books\/\">Illustrated books<\/a><\/div>\n<\/div>\n\n\n\n<p><\/p>\n\n<\/div><\/div><\/div>\n<\/div>","protected":false},"excerpt":{"rendered":"<p>Illustrated books<\/p>\n","protected":false},"author":2,"featured_media":0,"parent":3464,"menu_order":10,"comment_status":"closed","ping_status":"closed","template":"","meta":{"inline_featured_image":false,"footnotes":""},"_links":{"self":[{"href":"https:\/\/rouault.org\/en\/wp-json\/wp\/v2\/pages\/3481"}],"collection":[{"href":"https:\/\/rouault.org\/en\/wp-json\/wp\/v2\/pages"}],"about":[{"href":"https:\/\/rouault.org\/en\/wp-json\/wp\/v2\/types\/page"}],"author":[{"embeddable":true,"href":"https:\/\/rouault.org\/en\/wp-json\/wp\/v2\/users\/2"}],"replies":[{"embeddable":true,"href":"https:\/\/rouault.org\/en\/wp-json\/wp\/v2\/comments?post=3481"}],"version-history":[{"count":3,"href":"https:\/\/rouault.org\/en\/wp-json\/wp\/v2\/pages\/3481\/revisions"}],"predecessor-version":[{"id":4015,"href":"https:\/\/rouault.org\/en\/wp-json\/wp\/v2\/pages\/3481\/revisions\/4015"}],"up":[{"embeddable":true,"href":"https:\/\/rouault.org\/en\/wp-json\/wp\/v2\/pages\/3464"}],"wp:attachment":[{"href":"https:\/\/rouault.org\/en\/wp-json\/wp\/v2\/media?parent=3481"}],"curies":[{"name":"wp","href":"https:\/\/api.w.org\/{rel}","templated":true}]}}