{"id":3473,"date":"2022-10-31T17:10:47","date_gmt":"2022-10-31T16:10:47","guid":{"rendered":"https:\/\/rouault.org\/graphic-work\/miserere\/"},"modified":"2022-11-04T12:18:01","modified_gmt":"2022-11-04T11:18:01","slug":"miserere","status":"publish","type":"page","link":"https:\/\/rouault.org\/en\/graphic-work\/miserere\/","title":{"rendered":"Miserere"},"content":{"rendered":"\n<h1 class=\"gb-headline gb-headline-f45f272c gb-headline-text\">Miserere &nbsp; &nbsp; &nbsp;<\/h1>\n\n\n\n<h3 class=\"gb-headline gb-headline-58481b50 gb-headline-text\">Presentation by Fr\u00e9d\u00e9ric Cherch\u00e8ve<br>(Grandson of Georges Rouault)<\/h3>\n\n\n<div class=\"gb-grid-wrapper gb-grid-wrapper-6a3342c1\">\n<div class=\"gb-grid-column gb-grid-column-d1ebafaf\"><div class=\"gb-container gb-container-d1ebafaf\"><div class=\"gb-inside-container\">\n\n<p>A little over a century ago, Rouault began a series of engravings on copper plates which thirty years later would be published under the title <em>Miserere<\/em>.<\/p>\n\n\n\n<p>This monumental work, whose production was as long as it was painful, Rouault considered it as a representation of his artistic effort: &#8220;I was like a peasant in the field, attached to my pictorial soil, like the man hanged by his own hempen rope, like an ox under the yoke. Though terribly restless, I never took my nose out of my work save to ascertain the light, the shadow, the half-tint, the curious features of certain pilgrims&#8217; faces. I noted forms, colours, fleeting harmonies until I was sure they were so indelibly impressed in my memory that they would stay with me beyond the grave.&#8221;<\/p>\n\n\n\n<p>Inspired by the horrors of WWI, the work, initially entitled: <em>Miserere et Guerre<\/em>, went beyond the themes of this war and became, from its universality, a great panorama on the human condition.<\/p>\n\n\n\n<p>Misery, pain, sufferance and death are the eternal thoughts of man but faith gives them force and the light of Hope.<\/p>\n\n\n\n<p>It is he who accepts to share this suffering for eternity that allows the artist to escape from despair and to wait for the Light to be reborn \u201cSing Matins, for a new day is born\u201d<\/p>\n\n<\/div><\/div><\/div>\n\n<div class=\"gb-grid-column gb-grid-column-ed35748f\"><div class=\"gb-container gb-container-ed35748f\"><div class=\"gb-inside-container\">\n\n<figure class=\"wp-block-image size-medium\"><a href=\"\/oeuvre\/miserere-27\/\"><img loading=\"lazy\" decoding=\"async\" width=\"708\" height=\"935\" src=\"https:\/\/rouault.org\/wp-content\/uploads\/2021\/05\/Miserere_27-708x935.jpg\" alt=\"acrimae Rerum (Orph\u00e9e), Miserere 27, detail\" class=\"wp-image-1300\" srcset=\"https:\/\/rouault.org\/wp-content\/uploads\/2021\/05\/Miserere_27-708x935.jpg 708w, https:\/\/rouault.org\/wp-content\/uploads\/2021\/05\/Miserere_27-357x471.jpg 357w, https:\/\/rouault.org\/wp-content\/uploads\/2021\/05\/Miserere_27-768x1014.jpg 768w, https:\/\/rouault.org\/wp-content\/uploads\/2021\/05\/Miserere_27.jpg 886w\" sizes=\"(max-width: 708px) 100vw, 708px\" \/><\/a><figcaption><em><a href=\"https:\/\/rouault.org\/oeuvre\/miserere-27\/\" data-type=\"URL\" data-id=\"\/oeuvre\/miserere-27\/\">Sunt Lacrimae Rerum (Orph\u00e9e), Miserere 27<\/a><\/em><\/figcaption><\/figure>\n\n<\/div><\/div><\/div>\n<\/div>\n\n<div class=\"gb-grid-wrapper gb-grid-wrapper-c3a9ed75\">\n<div class=\"gb-grid-column gb-grid-column-33ff422c\"><div class=\"gb-container gb-container-33ff422c\"><div class=\"gb-inside-container\">\n\n<blockquote class=\"wp-block-quote is-layout-flow wp-block-quote-is-layout-flow\"><p>The shelter of the Cross, this is the only shelter favourable to the poor men who continue to carry in their heart a great love for what cannot be seen, nor weighed, and it is for them that I painted&#8230;<\/p><\/blockquote>\n\n<\/div><\/div><\/div>\n\n<div class=\"gb-grid-column gb-grid-column-2e61d635\"><div class=\"gb-container gb-container-2e61d635\"><div class=\"gb-inside-container\">\n\n<p>This is what makes this work \u2013 and all of the prints and paintings that came before or after \u2013 universal and timeless.<\/p>\n\n\n\n<p>For a masterpiece of such considerable complexity, it was considered by its creator with great humility: \u201cDo not speak of me except to speak of the art; do not consider me the torchbearer of revolt and negation, what I have done is nothing, do not hold me in such high regard. A cry in the night. A sob broken off. A strangled laugh Each day in the world, a thousand and one hardworking men and women, whose worth is more than my own, die from their effort.<\/p>\n\n\n\n<p>Certainly, their death is perhaps worth much more than ours in the immense balance of God, but it does not leave a visible trace, Rouault is their cantor, their sculptor, their painter and the one who makes a lasting memory of them.\u201d<\/p>\n\n<\/div><\/div><\/div>\n<\/div>\n\n<div class=\"gb-grid-wrapper gb-grid-wrapper-bc815c9d\">\n<div class=\"gb-grid-column gb-grid-column-2bbb5340\"><div class=\"gb-container gb-container-2bbb5340\"><div class=\"gb-inside-container\">\n\n<h2 class=\"gb-headline gb-headline-b3bd2325 gb-headline-text\">The creation of the work&nbsp;<\/h2>\n\n\n\n<p>In the edition of <em>Miserere<\/em> published in 1991 by Le L\u00e9opard d\u2019Or, Isabelle Rouault, the artist\u2019s daughter, provides this insight:<\/p>\n\n\n\n<p>\u201cGeorges Rouault wrote to Jacques Riv\u00e8re in 1912: \u201cIt is following the death of my father that I made a series entitled <em>Miserere<\/em> in which I believe to have put the best of myself.\u201d Thanks to this letter, found by the writer\u2019s son, we can now be certain that <em>Miserere<\/em> was made even the war, between 1914 and 1948. These drawings in India ink to which the artist is referring were kept: on one of the first pages of a modest school notebook, the title <em>Miserere<\/em> written with a paintbrush.&nbsp;\u201d<\/p>\n\n<\/div><\/div><\/div>\n\n<div class=\"gb-grid-column gb-grid-column-e7f65978\"><div class=\"gb-container gb-container-e7f65978\"><div class=\"gb-inside-container\">\n\n<figure class=\"wp-block-image size-medium\"><img loading=\"lazy\" decoding=\"async\" width=\"708\" height=\"935\" src=\"https:\/\/rouault.org\/wp-content\/uploads\/2021\/05\/Miserere_13-708x935.jpg\" alt=\"Miserere 13\" class=\"wp-image-1294\" srcset=\"https:\/\/rouault.org\/wp-content\/uploads\/2021\/05\/Miserere_13-708x935.jpg 708w, https:\/\/rouault.org\/wp-content\/uploads\/2021\/05\/Miserere_13-357x471.jpg 357w, https:\/\/rouault.org\/wp-content\/uploads\/2021\/05\/Miserere_13-768x1014.jpg 768w, https:\/\/rouault.org\/wp-content\/uploads\/2021\/05\/Miserere_13.jpg 886w\" sizes=\"(max-width: 708px) 100vw, 708px\" \/><figcaption>Miserere 13<\/figcaption><\/figure>\n\n<\/div><\/div><\/div>\n<\/div>\n\n<div class=\"gb-grid-wrapper gb-grid-wrapper-df16c17f invert_col\">\n<div class=\"gb-grid-column gb-grid-column-26a15008\"><div class=\"gb-container gb-container-26a15008\"><div class=\"gb-inside-container\">\n\n<figure class=\"wp-block-image size-medium\"><img loading=\"lazy\" decoding=\"async\" width=\"708\" height=\"536\" src=\"https:\/\/rouault.org\/wp-content\/uploads\/2021\/05\/Miserere_44-708x536.jpg\" alt=\"Miserere 44\" class=\"wp-image-1312\" srcset=\"https:\/\/rouault.org\/wp-content\/uploads\/2021\/05\/Miserere_44-708x536.jpg 708w, https:\/\/rouault.org\/wp-content\/uploads\/2021\/05\/Miserere_44-357x270.jpg 357w, https:\/\/rouault.org\/wp-content\/uploads\/2021\/05\/Miserere_44-768x582.jpg 768w, https:\/\/rouault.org\/wp-content\/uploads\/2021\/05\/Miserere_44.jpg 1170w\" sizes=\"(max-width: 708px) 100vw, 708px\" \/><figcaption><em><a href=\"https:\/\/rouault.org\/oeuvre\/miserere-44\/\" data-type=\"URL\" data-id=\"\/oeuvre\/miserere-44\/\">Miserere 13<\/a><\/em><\/figcaption><\/figure>\n\n<\/div><\/div><\/div>\n\n<div class=\"gb-grid-column gb-grid-column-07c51df1\"><div class=\"gb-container gb-container-07c51df1\"><div class=\"gb-inside-container\">\n\n<h2 class=\"gb-headline gb-headline-d265c4c8 gb-headline-text\">The publication of Miserere<\/h2>\n\n\n\n<p>The 58 plates of the original edition were accompanied by captions written by the artist himself. Each print is the size of a canvas and the work weighs more than 21 kilos. Rouault wanted to make <em>Miserere<\/em> accessible to the larger public by publishing a&nbsp;small-format edition.&nbsp;<\/p>\n\n\n\n<p>In her \u201cNote for this new edition\u201d Isabelle Rouault explains: \u201cFollowing the original edition, my father was adamant that this new work, which he considered essential, was accessible to all and widely published in a smaller format. He took the effort to write the captions at the bottom of each subject himself so that they could also be reproduced in facsimile.\u201d<\/p>\n\n<\/div><\/div><\/div>\n<\/div>\n\n<div class=\"gb-grid-wrapper gb-grid-wrapper-2fffb8a9\">\n<div class=\"gb-grid-column gb-grid-column-336610f7\"><div class=\"gb-container gb-container-336610f7\"><div class=\"gb-inside-container\">\n\n<h2 class=\"gb-headline gb-headline-732ab3b0 gb-headline-text\">Preface by Georges Rouault, 1948 &nbsp;<\/h2>\n\n\n\n<p>\u201cI dedicate this work to my master, Gustave Moreau, and to my valiant and beloved mother who with unstinting patience watched over and aided my early efforts when I wandered at the crossroads, an ill-equipped young pilgrim of art. Let me add that both, in their own way, were endowed with the same smiling and encouraging nature, seldom found in these times of bitterness and offense in which we seem to live today.<\/p>\n\n\n\n<p>Most of the subjects date from 1914-1918. They were first executed in the form of drawings in India ink, and later transformed into paintings in at the request of Ambroise Vollard. He then had all the subjects transferred on to copper. It was desirable, apparently, that the copper should first receive the impression of my drawing. From that point on, I painstakingly tried to preserve the initial rhythm and draughtsmanship.<\/p>\n\n\n\n<p>On each plate, more or less felicitously, without ceasing or pausing, I worked with different tools; there is no secret about my methods. Never satisfied, I resumed each subject endlessly, sometimes in as many as twelve or fifteen successive states; I should have liked them all to be of equal quality. I readily admit that I became attached to them, and that I was not insensitive to the desire of an American ambassador who wished to have some of the copper plates plated with gold and set in the wall at the embassy.<\/p>\n\n\n\n<p>The impressions, which I carefully supervised, were completed in 1927, and later Ambroise Vollard had the plates cancelled.<\/p>\n\n\n\n<p>After waiting twenty long years for their publication, which was delayed for various circumstances, I was fortunate enough to recover the engravings in 1947, and entrusted their publication to the Etoile Filante in Paris. It was planned that Andre Suares should write an accompanying text, unfortunately he was unable to do so.&nbsp;<\/p>\n\n\n\n<p>The death of Ambroise Vollard, the war, the occupation and its consequences, and finally my lawsuit were all the causes of indefinite delay. Though ever hopeful, there have been dark times when I despaired that these engravings, to which I have always attached a great significance, would ever be published. I rejoice that this has come to pass before I vanish from this planet.&nbsp;<\/p>\n\n\n\n<p>If injustice has been shown toward Ambroise Vollard, let us agree that he had taste and a passion for making beautiful books, regardless of time; but it would have taken three centuries to complete the various works and paintings with which, in utter disregard of earthly limitations, he wished to burden the pilgrim.&nbsp;<\/p>\n\n\n\n<p class=\"has-text-align-center\">Form, color, harmony<br>Oasis or mirage<br>For the eyes, the heart, and the spirit<\/p>\n\n\n\n<p class=\"has-text-align-center\">Toward the moving ocean of pictorial appeal<br>\u201cTomorrow will be beautiful,\u201d said the shipwrecked man<br>Before he disappeared beneath the sullen horizon<\/p>\n\n\n\n<p class=\"has-text-align-center\">Peace seems never to reign<br>Over this anguished world<br>Of shams and shadows<\/p>\n\n\n\n<p class=\"has-text-align-center\">Jesus on the cross will tell you better than I<br>Jeanne in her brief and sublime replies at her trial<br>As well as other saints and martyrs<br>Obscure or consecrated<\/p>\n\n\n\n<p class=\"has-text-align-center\">Paris 1948<br>Georges Rouault\u201d<\/p>\n\n\n\n<div class=\"wp-block-buttons is-layout-flex wp-block-buttons-is-layout-flex\">\n<div class=\"wp-block-button la_voir\"><a class=\"wp-block-button__link\" href=\"https:\/\/rouault.org\/en\/graphic-work\/miserere\/miserere-selected-images\/\">Miserere<\/a><\/div>\n<\/div>\n\n<\/div><\/div><\/div>\n\n<div class=\"gb-grid-column gb-grid-column-fd9f0352\"><div class=\"gb-container gb-container-fd9f0352\"><div class=\"gb-inside-container\">\n\n<figure class=\"wp-block-image size-medium\"><img loading=\"lazy\" decoding=\"async\" width=\"708\" height=\"935\" src=\"https:\/\/rouault.org\/wp-content\/uploads\/2021\/05\/Miserere_1-708x935.jpg\" alt=\"Miserere 1\" class=\"wp-image-1283\" srcset=\"https:\/\/rouault.org\/wp-content\/uploads\/2021\/05\/Miserere_1-708x935.jpg 708w, https:\/\/rouault.org\/wp-content\/uploads\/2021\/05\/Miserere_1-357x471.jpg 357w, https:\/\/rouault.org\/wp-content\/uploads\/2021\/05\/Miserere_1-768x1014.jpg 768w, https:\/\/rouault.org\/wp-content\/uploads\/2021\/05\/Miserere_1.jpg 886w\" sizes=\"(max-width: 708px) 100vw, 708px\" \/><figcaption>Miserere 1<\/figcaption><\/figure>\n\n<\/div><\/div><\/div>\n<\/div>","protected":false},"excerpt":{"rendered":"<p>Miserere &nbsp; &nbsp; &nbsp; Presentation by Fr\u00e9d\u00e9ric Cherch\u00e8ve(Grandson of Georges Rouault)<\/p>\n","protected":false},"author":2,"featured_media":0,"parent":3464,"menu_order":0,"comment_status":"closed","ping_status":"closed","template":"","meta":{"inline_featured_image":false,"footnotes":""},"_links":{"self":[{"href":"https:\/\/rouault.org\/en\/wp-json\/wp\/v2\/pages\/3473"}],"collection":[{"href":"https:\/\/rouault.org\/en\/wp-json\/wp\/v2\/pages"}],"about":[{"href":"https:\/\/rouault.org\/en\/wp-json\/wp\/v2\/types\/page"}],"author":[{"embeddable":true,"href":"https:\/\/rouault.org\/en\/wp-json\/wp\/v2\/users\/2"}],"replies":[{"embeddable":true,"href":"https:\/\/rouault.org\/en\/wp-json\/wp\/v2\/comments?post=3473"}],"version-history":[{"count":2,"href":"https:\/\/rouault.org\/en\/wp-json\/wp\/v2\/pages\/3473\/revisions"}],"predecessor-version":[{"id":3693,"href":"https:\/\/rouault.org\/en\/wp-json\/wp\/v2\/pages\/3473\/revisions\/3693"}],"up":[{"embeddable":true,"href":"https:\/\/rouault.org\/en\/wp-json\/wp\/v2\/pages\/3464"}],"wp:attachment":[{"href":"https:\/\/rouault.org\/en\/wp-json\/wp\/v2\/media?parent=3473"}],"curies":[{"name":"wp","href":"https:\/\/api.w.org\/{rel}","templated":true}]}}